{"id":8945,"date":"2021-03-01T22:46:00","date_gmt":"2021-03-01T21:46:00","guid":{"rendered":"https:\/\/www.pikoe.at\/home\/"},"modified":"2025-05-29T17:36:22","modified_gmt":"2025-05-29T15:36:22","slug":"home","status":"publish","type":"page","link":"https:\/\/www.pikoe.at\/en\/","title":{"rendered":"Home"},"content":{"rendered":"<section class=\"l-section wpb_row us_custom_f371cf11 height_custom color_primary with_img\" id=\"orange kastl\"><div class=\"l-section-img\" role=\"img\" aria-label=\"Kinder- und Jugendgyn\u00e4kologie Wien; Menstruationsschmerzen, Regelschmerzen\" data-img-width=\"1920\" data-img-height=\"912\" style=\"background-image: url(https:\/\/www.pikoe.at\/wp-content\/uploads\/2021\/02\/home-pikoe-maedchen-1920-hell.jpg);background-position: center left;background-repeat: no-repeat;\"><\/div><div class=\"l-section-h i-cf\"><div class=\"g-cols vc_row via_flex valign_bottom type_default stacking_default\"><div class=\"vc_col-sm-6 wpb_column vc_column_container\"><div class=\"vc_column-inner\"><div class=\"wpb_wrapper\"><\/div><\/div><\/div><div class=\"vc_col-sm-6 wpb_column vc_column_container\"><div class=\"vc_column-inner us_custom_fc492de4\"><div class=\"vc_column-overlay\" style=\"background:rgba(244,163,26,0.75)\"><\/div><div class=\"wpb_wrapper\"><div class=\"w-separator size_large\"><\/div><div class=\"wpb_text_column us_custom_11ebb731\"><div class=\"wpb_wrapper\"><h1 class=\"schatten;\" style=\"text-align: center; font-size: 2em;\">Platform for Interdisciplinary Pediatric and Adolescent Gynecology Austria<\/h1>\n<\/div><\/div><div class=\"w-separator size_medium\"><\/div><\/div><\/div><\/div><\/div><\/div><\/section><section class=\"l-section wpb_row height_custom\" id=\"intro\"><div class=\"l-section-h i-cf\"><div class=\"g-cols vc_row via_flex valign_top type_default stacking_default\"><div class=\"vc_col-sm-4 wpb_column vc_column_container\"><div class=\"vc_column-inner\"><div class=\"wpb_wrapper\"><div class=\"w-iconbox iconpos_top style_default color_primary align_center\"><a href=\"https:\/\/www.pikoe.at\/en\/about-us\/#einsetzen\" class=\"w-iconbox-link\" aria-label=\"Who we are\"><div class=\"w-iconbox-icon\" style=\"font-size:2rem;\"><i class=\"fas fa-users\"><\/i><\/div><\/a><div class=\"w-iconbox-meta\"><h4 class=\"w-iconbox-title\"><a href=\"https:\/\/www.pikoe.at\/en\/about-us\/#einsetzen\" class=\"w-iconbox-link\" aria-label=\"Who we are\">Who we are<\/a><\/h4><div class=\"w-iconbox-text\"><p>The Platform for Interdisciplinary Pediatric and Adolescent Gynecology Austria was founded in 2017 and is a member of EURAPAG. Learn more about the members of the board, the expert advisory board, honorary members and<br \/>\ncooperation partners.<\/p>\n<\/div><\/div><\/div><div class=\"w-separator size_small\"><\/div><div class=\"w-btn-wrapper align_center\"><a class=\"w-btn us-btn-style_1\" target=\"_blank\" rel=\"nofollow\" href=\"https:\/\/www.pikoe.at\/en\/organization\/\"><span class=\"w-btn-label\">Read more<\/span><\/a><\/div><\/div><\/div><\/div><div class=\"vc_col-sm-4 wpb_column vc_column_container\"><div class=\"vc_column-inner\"><div class=\"wpb_wrapper\"><div class=\"w-iconbox iconpos_top style_default color_primary align_center\"><a href=\"https:\/\/www.pikoe.at\/aus-fortbildung\/\" class=\"w-iconbox-link\" aria-label=\"Our goals\"><div class=\"w-iconbox-icon\" style=\"font-size:2rem;\"><i class=\"fas fa-bullseye-arrow\"><\/i><\/div><\/a><div class=\"w-iconbox-meta\"><h4 class=\"w-iconbox-title\"><a href=\"https:\/\/www.pikoe.at\/aus-fortbildung\/\" class=\"w-iconbox-link\" aria-label=\"Our goals\">Our goals<\/a><\/h4><div class=\"w-iconbox-text\"><p>Pediatric and adolescent gynecology is still a young specialism. It creates a link between pediatrics and gynecology \u2013 it is aimed at providing girls with optimal gynecological care going from birth, through their adolescence up to the time<br \/>\nthey turn 18.<\/p>\n<\/div><\/div><\/div><div class=\"w-separator size_small\"><\/div><div class=\"w-btn-wrapper align_center\"><a class=\"w-btn us-btn-style_1\" target=\"_blank\" rel=\"nofollow\" href=\"https:\/\/www.pikoe.at\/en\/about-us\/\"><span class=\"w-btn-label\">Read more<\/span><\/a><\/div><\/div><\/div><\/div><div class=\"vc_col-sm-4 wpb_column vc_column_container\"><div class=\"vc_column-inner\"><div class=\"wpb_wrapper\"><div class=\"w-iconbox iconpos_top style_default color_primary align_center\"><a href=\"https:\/\/www.pikoe.at\/aus-fortbildung\/\" class=\"w-iconbox-link\" aria-label=\"Find a specialist\"><div class=\"w-iconbox-icon\" style=\"font-size:2rem;\"><i class=\"fas fa-search\"><\/i><\/div><\/a><div class=\"w-iconbox-meta\"><h4 class=\"w-iconbox-title\"><a href=\"https:\/\/www.pikoe.at\/aus-fortbildung\/\" class=\"w-iconbox-link\" aria-label=\"Find a specialist\">Find a specialist<\/a><\/h4><div class=\"w-iconbox-text\"><p>Our database allows you to find pediatricians and gynecologists in Austria who specialize in pediatrics and adolescent gynecology. By entering your place of residence, you can find<br \/>\nspecialists in your area.<\/p>\n<\/div><\/div><\/div><div class=\"w-separator size_small\"><\/div><div class=\"w-btn-wrapper align_center\"><a class=\"w-btn us-btn-style_1\" target=\"_blank\" rel=\"nofollow\" href=\"https:\/\/www.pikoe.at\/en\/find-a-doctor\/\"><span class=\"w-btn-label\">Read more<\/span><\/a><\/div><\/div><\/div><\/div><\/div><\/div><\/section>\n","protected":false},"excerpt":{"rendered":"Platform for Interdisciplinary Pediatric and Adolescent Gynecology Austria Who we areThe Platform for Interdisciplinary Pediatric and Adolescent Gynecology Austria was founded in 2017 and is a member of EURAPAG. Learn more about the members of the board, the expert advisory board, honorary members and cooperation partners. Read moreOur goalsPediatric and adolescent gynecology is still a...","protected":false},"author":1,"featured_media":0,"parent":0,"menu_order":1,"comment_status":"closed","ping_status":"closed","template":"","meta":{"footnotes":""},"class_list":["post-8945","page","type-page","status-publish","hentry"],"yoast_head":"<!-- This site is optimized with the Yoast SEO plugin v27.5 - https:\/\/yoast.com\/product\/yoast-seo-wordpress\/ -->\n<title>PIK\u00d6 - Platform for Interdisciplinary pediatrics and adolescent gynecology Austria<\/title>\n<meta name=\"description\" content=\"PIK\u00d6 english text here f\u00f6rdert die Zusammenarbeit von ExpertInnen im Bereich der Kinder- und Jugendgyn\u00e4kologie und setzt sich f\u00fcr eine bundesweite medizinische Versorgung ein\" \/>\n<meta name=\"robots\" content=\"index, follow, max-snippet:-1, max-image-preview:large, max-video-preview:-1\" \/>\n<link rel=\"canonical\" href=\"https:\/\/www.pikoe.at\/en\/\" \/>\n<meta property=\"og:locale\" content=\"en_US\" \/>\n<meta property=\"og:type\" content=\"article\" \/>\n<meta property=\"og:title\" content=\"PIK\u00d6 - Platform for Interdisciplinary pediatrics and adolescent gynecology Austria\" \/>\n<meta property=\"og:description\" content=\"PIK\u00d6 english text here f\u00f6rdert die Zusammenarbeit von ExpertInnen im Bereich der Kinder- und Jugendgyn\u00e4kologie und setzt sich f\u00fcr eine bundesweite medizinische Versorgung ein\" \/>\n<meta property=\"og:url\" content=\"https:\/\/www.pikoe.at\/en\/\" \/>\n<meta property=\"og:site_name\" content=\"PIK\u00d6\" \/>\n<meta property=\"article:modified_time\" content=\"2025-05-29T15:36:22+00:00\" \/>\n<meta property=\"og:image\" content=\"https:\/\/www.pikoe.at\/wp-content\/uploads\/2015\/05\/pikoe-kinder-und-jugendgynaekologie.png\" \/>\n<meta name=\"twitter:card\" content=\"summary_large_image\" \/>\n<meta name=\"twitter:label1\" content=\"Est. reading time\" \/>\n\t<meta name=\"twitter:data1\" content=\"1 minute\" \/>\n<script type=\"application\/ld+json\" class=\"yoast-schema-graph\">{\"@context\":\"https:\\\/\\\/schema.org\",\"@graph\":[{\"@type\":\"WebPage\",\"@id\":\"https:\\\/\\\/www.pikoe.at\\\/en\\\/\",\"url\":\"https:\\\/\\\/www.pikoe.at\\\/en\\\/\",\"name\":\"PIK\u00d6 - Platform for Interdisciplinary pediatrics and adolescent gynecology Austria\",\"isPartOf\":{\"@id\":\"https:\\\/\\\/www.pikoe.at\\\/en\\\/#website\"},\"datePublished\":\"2021-03-01T21:46:00+00:00\",\"dateModified\":\"2025-05-29T15:36:22+00:00\",\"description\":\"PIK\u00d6 english text here f\u00f6rdert die Zusammenarbeit von ExpertInnen im Bereich der Kinder- und Jugendgyn\u00e4kologie und setzt sich f\u00fcr eine bundesweite medizinische Versorgung ein\",\"breadcrumb\":{\"@id\":\"https:\\\/\\\/www.pikoe.at\\\/en\\\/#breadcrumb\"},\"inLanguage\":\"en-US\",\"potentialAction\":[{\"@type\":\"ReadAction\",\"target\":[\"https:\\\/\\\/www.pikoe.at\\\/en\\\/\"]}]},{\"@type\":\"BreadcrumbList\",\"@id\":\"https:\\\/\\\/www.pikoe.at\\\/en\\\/#breadcrumb\",\"itemListElement\":[{\"@type\":\"ListItem\",\"position\":1,\"name\":\"Startseite\",\"item\":\"https:\\\/\\\/www.pikoe.at\\\/en\\\/\"},{\"@type\":\"ListItem\",\"position\":2,\"name\":\"Home\"}]},{\"@type\":\"WebSite\",\"@id\":\"https:\\\/\\\/www.pikoe.at\\\/en\\\/#website\",\"url\":\"https:\\\/\\\/www.pikoe.at\\\/en\\\/\",\"name\":\"PIK\u00d6\",\"description\":\"Plattform f\u00fcr interdisziplin\u00e4re Kinder- und Jugendgyn\u00e4kologie \u00d6sterreich\",\"publisher\":{\"@id\":\"https:\\\/\\\/www.pikoe.at\\\/en\\\/#organization\"},\"potentialAction\":[{\"@type\":\"SearchAction\",\"target\":{\"@type\":\"EntryPoint\",\"urlTemplate\":\"https:\\\/\\\/www.pikoe.at\\\/en\\\/?s={search_term_string}\"},\"query-input\":{\"@type\":\"PropertyValueSpecification\",\"valueRequired\":true,\"valueName\":\"search_term_string\"}}],\"inLanguage\":\"en-US\"},{\"@type\":\"Organization\",\"@id\":\"https:\\\/\\\/www.pikoe.at\\\/en\\\/#organization\",\"name\":\"PIK\u00d6 - Plattform f\u00fcr inter\u00ad\u00ad\u00addiszi\u00ad\u00ad\u00adplin\u00e4re Kinder- und Jugend\u00ad\u00ad\u00adgyn\u00e4kologie \u00d6sterreich\",\"url\":\"https:\\\/\\\/www.pikoe.at\\\/en\\\/\",\"logo\":{\"@type\":\"ImageObject\",\"inLanguage\":\"en-US\",\"@id\":\"https:\\\/\\\/www.pikoe.at\\\/en\\\/#\\\/schema\\\/logo\\\/image\\\/\",\"url\":\"https:\\\/\\\/www.pikoe.at\\\/wp-content\\\/uploads\\\/2017\\\/01\\\/logo_final.png\",\"contentUrl\":\"https:\\\/\\\/www.pikoe.at\\\/wp-content\\\/uploads\\\/2017\\\/01\\\/logo_final.png\",\"width\":200,\"height\":147,\"caption\":\"PIK\u00d6 - Plattform f\u00fcr inter\u00ad\u00ad\u00addiszi\u00ad\u00ad\u00adplin\u00e4re Kinder- und Jugend\u00ad\u00ad\u00adgyn\u00e4kologie \u00d6sterreich\"},\"image\":{\"@id\":\"https:\\\/\\\/www.pikoe.at\\\/en\\\/#\\\/schema\\\/logo\\\/image\\\/\"}}]}<\/script>\n<!-- \/ Yoast SEO plugin. -->","yoast_head_json":{"title":"PIK\u00d6 - Platform for Interdisciplinary pediatrics and adolescent gynecology Austria","description":"PIK\u00d6 english text here f\u00f6rdert die Zusammenarbeit von ExpertInnen im Bereich der Kinder- und Jugendgyn\u00e4kologie und setzt sich f\u00fcr eine bundesweite medizinische Versorgung ein","robots":{"index":"index","follow":"follow","max-snippet":"max-snippet:-1","max-image-preview":"max-image-preview:large","max-video-preview":"max-video-preview:-1"},"canonical":"https:\/\/www.pikoe.at\/en\/","og_locale":"en_US","og_type":"article","og_title":"PIK\u00d6 - Platform for Interdisciplinary pediatrics and adolescent gynecology Austria","og_description":"PIK\u00d6 english text here f\u00f6rdert die Zusammenarbeit von ExpertInnen im Bereich der Kinder- und Jugendgyn\u00e4kologie und setzt sich f\u00fcr eine bundesweite medizinische Versorgung ein","og_url":"https:\/\/www.pikoe.at\/en\/","og_site_name":"PIK\u00d6","article_modified_time":"2025-05-29T15:36:22+00:00","og_image":[{"url":"https:\/\/www.pikoe.at\/wp-content\/uploads\/2015\/05\/pikoe-kinder-und-jugendgynaekologie.png","type":"","width":"","height":""}],"twitter_card":"summary_large_image","twitter_misc":{"Est. reading time":"1 minute"},"schema":{"@context":"https:\/\/schema.org","@graph":[{"@type":"WebPage","@id":"https:\/\/www.pikoe.at\/en\/","url":"https:\/\/www.pikoe.at\/en\/","name":"PIK\u00d6 - Platform for Interdisciplinary pediatrics and adolescent gynecology Austria","isPartOf":{"@id":"https:\/\/www.pikoe.at\/en\/#website"},"datePublished":"2021-03-01T21:46:00+00:00","dateModified":"2025-05-29T15:36:22+00:00","description":"PIK\u00d6 english text here f\u00f6rdert die Zusammenarbeit von ExpertInnen im Bereich der Kinder- und Jugendgyn\u00e4kologie und setzt sich f\u00fcr eine bundesweite medizinische Versorgung ein","breadcrumb":{"@id":"https:\/\/www.pikoe.at\/en\/#breadcrumb"},"inLanguage":"en-US","potentialAction":[{"@type":"ReadAction","target":["https:\/\/www.pikoe.at\/en\/"]}]},{"@type":"BreadcrumbList","@id":"https:\/\/www.pikoe.at\/en\/#breadcrumb","itemListElement":[{"@type":"ListItem","position":1,"name":"Startseite","item":"https:\/\/www.pikoe.at\/en\/"},{"@type":"ListItem","position":2,"name":"Home"}]},{"@type":"WebSite","@id":"https:\/\/www.pikoe.at\/en\/#website","url":"https:\/\/www.pikoe.at\/en\/","name":"PIK\u00d6","description":"Plattform f\u00fcr interdisziplin\u00e4re Kinder- und Jugendgyn\u00e4kologie \u00d6sterreich","publisher":{"@id":"https:\/\/www.pikoe.at\/en\/#organization"},"potentialAction":[{"@type":"SearchAction","target":{"@type":"EntryPoint","urlTemplate":"https:\/\/www.pikoe.at\/en\/?s={search_term_string}"},"query-input":{"@type":"PropertyValueSpecification","valueRequired":true,"valueName":"search_term_string"}}],"inLanguage":"en-US"},{"@type":"Organization","@id":"https:\/\/www.pikoe.at\/en\/#organization","name":"PIK\u00d6 - Plattform f\u00fcr inter\u00ad\u00ad\u00addiszi\u00ad\u00ad\u00adplin\u00e4re Kinder- und Jugend\u00ad\u00ad\u00adgyn\u00e4kologie \u00d6sterreich","url":"https:\/\/www.pikoe.at\/en\/","logo":{"@type":"ImageObject","inLanguage":"en-US","@id":"https:\/\/www.pikoe.at\/en\/#\/schema\/logo\/image\/","url":"https:\/\/www.pikoe.at\/wp-content\/uploads\/2017\/01\/logo_final.png","contentUrl":"https:\/\/www.pikoe.at\/wp-content\/uploads\/2017\/01\/logo_final.png","width":200,"height":147,"caption":"PIK\u00d6 - Plattform f\u00fcr inter\u00ad\u00ad\u00addiszi\u00ad\u00ad\u00adplin\u00e4re Kinder- und Jugend\u00ad\u00ad\u00adgyn\u00e4kologie \u00d6sterreich"},"image":{"@id":"https:\/\/www.pikoe.at\/en\/#\/schema\/logo\/image\/"}}]}},"_links":{"self":[{"href":"https:\/\/www.pikoe.at\/en\/wp-json\/wp\/v2\/pages\/8945","targetHints":{"allow":["GET"]}}],"collection":[{"href":"https:\/\/www.pikoe.at\/en\/wp-json\/wp\/v2\/pages"}],"about":[{"href":"https:\/\/www.pikoe.at\/en\/wp-json\/wp\/v2\/types\/page"}],"author":[{"embeddable":true,"href":"https:\/\/www.pikoe.at\/en\/wp-json\/wp\/v2\/users\/1"}],"replies":[{"embeddable":true,"href":"https:\/\/www.pikoe.at\/en\/wp-json\/wp\/v2\/comments?post=8945"}],"version-history":[{"count":24,"href":"https:\/\/www.pikoe.at\/en\/wp-json\/wp\/v2\/pages\/8945\/revisions"}],"predecessor-version":[{"id":11944,"href":"https:\/\/www.pikoe.at\/en\/wp-json\/wp\/v2\/pages\/8945\/revisions\/11944"}],"wp:attachment":[{"href":"https:\/\/www.pikoe.at\/en\/wp-json\/wp\/v2\/media?parent=8945"}],"curies":[{"name":"wp","href":"https:\/\/api.w.org\/{rel}","templated":true}]}}