{"id":8937,"date":"2021-03-01T22:36:23","date_gmt":"2021-03-01T21:36:23","guid":{"rendered":"https:\/\/www.pikoe.at\/about-us\/"},"modified":"2021-03-09T11:47:20","modified_gmt":"2021-03-09T10:47:20","slug":"about-us","status":"publish","type":"page","link":"https:\/\/www.pikoe.at\/en\/about-us\/","title":{"rendered":"About us"},"content":{"rendered":"<section class=\"l-section wpb_row us_custom_4f24afa8 height_custom color_primary with_img\"><div class=\"l-section-img\" role=\"img\" aria-label=\"Kinder- und Jugendgyn\u00e4kologie Wachstumsst\u00f6rungen, Ausbleiben der Menstruation\" data-img-width=\"1920\" data-img-height=\"944\" style=\"background-image: url(https:\/\/www.pikoe.at\/wp-content\/uploads\/2021\/02\/pikoe-verein.jpg);background-repeat: no-repeat;\"><\/div><div class=\"l-section-h i-cf\"><div class=\"g-cols vc_row via_flex valign_bottom type_default stacking_default\"><div class=\"vc_col-sm-4 wpb_column vc_column_container\"><div class=\"vc_column-inner\"><div class=\"wpb_wrapper\"><div class=\"wpb_text_column h1-auf-orange\"><div class=\"wpb_wrapper\"><h1 style=\"text-align: center;\">About us<\/h1>\n<\/div><\/div><\/div><\/div><\/div><div class=\"vc_col-sm-4 wpb_column vc_column_container\"><div class=\"vc_column-inner\"><div class=\"wpb_wrapper\"><div class=\"w-separator size_custom\" style=\"height:22vh\"><\/div><\/div><\/div><\/div><div class=\"vc_col-sm-4 wpb_column vc_column_container\"><div class=\"vc_column-inner\"><div class=\"wpb_wrapper\"><\/div><\/div><\/div><\/div><\/div><\/section><section class=\"l-section wpb_row us_custom_f3f68ac4 height_custom\"><div class=\"l-section-h i-cf\"><div class=\"g-cols vc_row via_flex valign_top type_default stacking_default\"><div class=\"vc_col-sm-12 wpb_column vc_column_container\"><div class=\"vc_column-inner\"><div class=\"wpb_wrapper\"><div class=\"wpb_text_column\"><div class=\"wpb_wrapper\"><p>The Platform for Interdisciplinary Pediatric and Adolescent Gynecology Austria was founded in 2017. It is committed to<\/p>\n<\/div><\/div><div class=\"w-separator size_medium\"><\/div><div class=\"g-cols wpb_row via_flex valign_top type_default stacking_default\"><div class=\"vc_col-sm-6 wpb_column vc_column_container\"><div class=\"vc_column-inner\"><div class=\"wpb_wrapper\"><div class=\"wpb_text_column\"><div class=\"wpb_wrapper\"><ul>\n<li>creating awareness for the special requirements in this medical field;<\/li>\n<li>establishing a well-founded education and training program in the field of pediatric and adolescent gynecology in Austria;<\/li>\n<li>achieving an Austria-wide medical care in this specialism field. Thus, clarification in cases of suspected sexual violence should henceforth also be possible throughout Austria;<\/li>\n<li>introducing the specialism to<br \/>\n&#8211; doctors as well as institutions and professional groups working with children and adolescents,<br \/>\n&#8211; parents and adolescents<br \/>\nto make it known to parents and adolescents;<\/li>\n<\/ul>\n<\/div><\/div><\/div><\/div><\/div><div class=\"vc_col-sm-6 wpb_column vc_column_container\"><div class=\"vc_column-inner\"><div class=\"wpb_wrapper\"><div class=\"wpb_text_column\"><div class=\"wpb_wrapper\"><ul>\n<li>promoting interdisciplinary cooperation between pediatricians and gynecologists and experts in related fields such as pediatric urology, pediatric cardiology, pediatric surgery, pediatric psychology and psychiatry;<\/li>\n<li>intensifying an international professional exchange;<\/li>\n<li>initiating as an important preventive measure the inclusion of a gynecological screening before the age of 4 years in the mother-child-passport<\/li>\n<\/ul>\n<\/div><\/div><\/div><\/div><\/div><\/div><div class=\"g-cols wpb_row us_custom_cdf14ffd via_flex valign_top type_default stacking_default\"><div class=\"vc_col-sm-2 wpb_column vc_column_container\"><div class=\"vc_column-inner\"><div class=\"wpb_wrapper\"><\/div><\/div><\/div><div class=\"vc_col-sm-8 wpb_column vc_column_container\"><div class=\"vc_column-inner\"><div class=\"wpb_wrapper\"><div class=\"w-separator size_small\"><\/div><div class=\"w-slider nur-handy style_none fit_cover nav_none count_7\"><div class=\"w-slider-h\" aria-hidden=\"true\"><div class=\"royalSlider\"><div class=\"rsContent\"><a class=\"rsImg\" data-rsw=\"1158\" data-rsh=\"765\" href=\"https:\/\/www.pikoe.at\/wp-content\/uploads\/2019\/10\/FotoPIKO\u0308.jpeg\"><span data-alt=\"Start Lehrgang f\u00fcr Kinder- und Jugendgyn\u00e4kologie in Wien \/ \u00d6sterreich\"><\/span><\/a><\/div><div class=\"rsContent\"><a class=\"rsImg\" data-rsw=\"576\" data-rsh=\"492\" href=\"https:\/\/www.pikoe.at\/wp-content\/uploads\/2021\/02\/pikoe-vorstand-2021.jpg\"><span data-alt=\"PIK\u00d6-Vorstand: Experten f\u00fcr Kinder- und Jugendgyn\u00e4kologie\"><\/span><\/a><\/div><div class=\"rsContent\"><a class=\"rsImg\" data-rsw=\"1818\" data-rsh=\"1501\" href=\"https:\/\/www.pikoe.at\/wp-content\/uploads\/2021\/02\/F-Fallpraesentation3.jpg\"><span data-alt=\"Kinder- und Jugendgyn\u00e4kologie in Wien\nAbkl\u00e4rung sexueller Gewalt\"><\/span><\/a><\/div><div class=\"rsContent\"><a class=\"rsImg\" data-rsw=\"1992\" data-rsh=\"1180\" href=\"https:\/\/www.pikoe.at\/wp-content\/uploads\/2021\/02\/Gong.jpg\"><span data-alt=\"Kinder- und Jugendgyn\u00e4kologie in Linz\nSexualit\u00e4t Verh\u00fctung Teenagerschwangerschaften\"><\/span><\/a><\/div><div class=\"rsContent\"><a class=\"rsImg\" data-rsw=\"1471\" data-rsh=\"1091\" href=\"https:\/\/www.pikoe.at\/wp-content\/uploads\/2021\/02\/FT-Jaenner19.jpg\"><span data-alt=\"Kinder- und Jugendgyn\u00e4kologie in Wien\nLichen Sclerosus\"><\/span><\/a><\/div><div class=\"rsContent\"><a class=\"rsImg\" data-rsw=\"4000\" data-rsh=\"2667\" href=\"https:\/\/www.pikoe.at\/wp-content\/uploads\/2020\/10\/PIO\u0308_Team2_klein.jpg\"><span data-alt=\"PIK\u00d6-Vorstand: Dr.in Sigrid Schmidl-Amann,  Dr.in Micha Bitschnau MFHom,  Dr. Stefan Riedl, Univ.-Doz.in Dr.in Katharina Schuchter, Prim. Univ. Prof. Dr. Reinhold Kerbl, Univ. Prof.in Dr.in Dagmar Bancher\"><\/span><\/a><\/div><div class=\"rsContent\"><a class=\"rsImg\" data-rsw=\"2135\" data-rsh=\"1007\" href=\"https:\/\/www.pikoe.at\/wp-content\/uploads\/2021\/02\/FT2017.jpg\"><span data-alt=\"Kinder- und Jugendgyn\u00e4kologie in Wien\"><\/span><\/a><\/div><\/div><img decoding=\"async\" src=\"https:\/\/www.pikoe.at\/wp-content\/uploads\/2019\/10\/FotoPIKO\u0308.jpeg\" width=\"1158\" height=\"765\" alt=\"Start Lehrgang f\u00fcr Kinder- und Jugendgyn\u00e4kologie in Wien \/ \u00d6sterreich\" loading=\"lazy\"><\/div><div class=\"w-slider-json\" onclick='return {&quot;autoScaleSlider&quot;:true,&quot;addActiveClass&quot;:true,&quot;loop&quot;:true,&quot;fadeInLoadedSlide&quot;:false,&quot;slidesSpacing&quot;:0,&quot;imageScalePadding&quot;:0,&quot;numImagesToPreload&quot;:2,&quot;arrowsNav&quot;:true,&quot;arrowsNavAutoHide&quot;:false,&quot;transitionType&quot;:&quot;move&quot;,&quot;transitionSpeed&quot;:1500,&quot;block&quot;:{&quot;moveEffect&quot;:&quot;none&quot;,&quot;speed&quot;:300},&quot;thumbs&quot;:{&quot;fitInViewport&quot;:false,&quot;firstMargin&quot;:false,&quot;spacing&quot;:4},&quot;controlNavigation&quot;:&quot;none&quot;,&quot;autoplay&quot;:{&quot;enabled&quot;:true,&quot;pauseOnHover&quot;:true,&quot;delay&quot;:5000},&quot;autoScaleSliderWidth&quot;:1158,&quot;autoScaleSliderHeight&quot;:765}'><\/div><\/div><div class=\"w-slider nur-desktop style_none fit_cover nav_none count_7\"><div class=\"w-slider-h\" aria-hidden=\"true\"><div class=\"royalSlider\"><div class=\"rsContent\"><a class=\"rsImg\" data-rsw=\"1158\" data-rsh=\"765\" href=\"https:\/\/www.pikoe.at\/wp-content\/uploads\/2019\/10\/FotoPIKO\u0308.jpeg\"><span data-alt=\"Start Lehrgang f\u00fcr Kinder- und Jugendgyn\u00e4kologie in Wien \/ \u00d6sterreich\"><\/span><\/a><div class=\"rsABlock\" data-fadeEffect=\"false\" data-moveEffect=\"none\"><div class=\"w-slider-item-title\">Successful start of the Interdisciplinary Pediatric and Adolescent Gynecology course 2019\/20.<\/div><div class=\"w-slider-item-description\">Start Lehrgang f\u00fcr Kinder- und Jugendgyn\u00e4kologie in Wien \/ \u00d6sterreich<\/div><\/div><\/div><div class=\"rsContent\"><a class=\"rsImg\" data-rsw=\"576\" data-rsh=\"492\" href=\"https:\/\/www.pikoe.at\/wp-content\/uploads\/2021\/02\/pikoe-vorstand-2021.jpg\"><span data-alt=\"PIK\u00d6-Vorstand: Experten f\u00fcr Kinder- und Jugendgyn\u00e4kologie\"><\/span><\/a><div class=\"rsABlock\" data-fadeEffect=\"false\" data-moveEffect=\"none\"><div class=\"w-slider-item-title\">PIK\u00d6 Board of Directors: Dr. Sigrid Schmidl-Amann, Dr. Micha Bitschnau MFHom,  Dr. Stefan Riedl, Univ.-Doz. Dr. Katharina Schuchter, Univ. Prof. Dr. Dagmar Bancher, Prim. Univ. Prof. Dr. Reinhold Kerbl \u2013 from left to right<\/div><div class=\"w-slider-item-description\">PIK\u00d6-Vorstand: Experten f\u00fcr Kinder- und Jugendgyn\u00e4kologie<\/div><\/div><\/div><div class=\"rsContent\"><a class=\"rsImg\" data-rsw=\"1818\" data-rsh=\"1501\" href=\"https:\/\/www.pikoe.at\/wp-content\/uploads\/2021\/02\/F-Fallpraesentation3.jpg\"><span data-alt=\"Kinder- und Jugendgyn\u00e4kologie in Wien\nAbkl\u00e4rung sexueller Gewalt\"><\/span><\/a><div class=\"rsABlock\" data-fadeEffect=\"false\" data-moveEffect=\"none\"><div class=\"w-slider-item-title\">Kinder- und Jugendgyn\u00e4kologie in Wien\nAbkl\u00e4rung sexueller Gewalt<\/div><div class=\"w-slider-item-description\">Kinder- und Jugendgyn\u00e4kologie in Wien\nAbkl\u00e4rung sexueller Gewalt<\/div><\/div><\/div><div class=\"rsContent\"><a class=\"rsImg\" data-rsw=\"1992\" data-rsh=\"1180\" href=\"https:\/\/www.pikoe.at\/wp-content\/uploads\/2021\/02\/Gong.jpg\"><span data-alt=\"Kinder- und Jugendgyn\u00e4kologie in Linz\nSexualit\u00e4t Verh\u00fctung Teenagerschwangerschaften\"><\/span><\/a><div class=\"rsABlock\" data-fadeEffect=\"false\" data-moveEffect=\"none\"><div class=\"w-slider-item-title\">Symposium \"The endocrinological metamorphosis from child to woman - norm and pathology\" on 14.4.2018 in Linz: Dr. Sigrid Schmidl-Amann, Dr. Francesca Navratil, Univ. Prof. Dr. Dagmar Bancher, Univ.-Doz. Dr. Katharina Schuchter, Dr. Iris Scharnreitner \u2013 from left to right<\/div><div class=\"w-slider-item-description\">Kinder- und Jugendgyn\u00e4kologie in Linz\nSexualit\u00e4t Verh\u00fctung Teenagerschwangerschaften<\/div><\/div><\/div><div class=\"rsContent\"><a class=\"rsImg\" data-rsw=\"1471\" data-rsh=\"1091\" href=\"https:\/\/www.pikoe.at\/wp-content\/uploads\/2021\/02\/FT-Jaenner19.jpg\"><span data-alt=\"Kinder- und Jugendgyn\u00e4kologie in Wien\nLichen Sclerosus\"><\/span><\/a><div class=\"rsABlock\" data-fadeEffect=\"false\" data-moveEffect=\"none\"><div class=\"w-slider-item-title\">Symposium \"When it itches, burns, irritates. Everything relevant to the medical practice on the subject of the child and adolescent vulva\" on 11.1.2019: Univ.-Prof. Dr. Petra Kohlberger, Prim. Univ. Prof. Dr. Reinhold Kerbl, AOA Dr. Gerhard K\u00f6stl, Dr. Sigrid Schmidl-Amann, Univ.-Prof. Dr. Dagmar Bancher, Dr. Francesca Navratil, Univ.-Doz. Dr. Katharina Schuchter \u2013 from left to right<\/div><div class=\"w-slider-item-description\">Kinder- und Jugendgyn\u00e4kologie in Wien\nLichen Sclerosus Endokrinologie<\/div><\/div><\/div><div class=\"rsContent\"><a class=\"rsImg\" data-rsw=\"4000\" data-rsh=\"2667\" href=\"https:\/\/www.pikoe.at\/wp-content\/uploads\/2020\/10\/PIO\u0308_Team2_klein.jpg\"><span data-alt=\"PIK\u00d6-Vorstand: Dr.in Sigrid Schmidl-Amann,  Dr.in Micha Bitschnau MFHom,  Dr. Stefan Riedl, Univ.-Doz.in Dr.in Katharina Schuchter, Prim. Univ. Prof. Dr. Reinhold Kerbl, Univ. Prof.in Dr.in Dagmar Bancher\"><\/span><\/a><div class=\"rsABlock\" data-fadeEffect=\"false\" data-moveEffect=\"none\"><div class=\"w-slider-item-title\">PIK\u00d6 Board of Directors: Dr. Sigrid Schmidl-Amann, Dr. Micha Bitschnau MFHom, Dr. Stefan Riedl, Univ.-Doz. Dr. Katharina Schuchter, Prim. Univ. Prof. Dr. Reinhold Kerbl, Univ. Prof. Dr. Dagmar Bancher \u2013 from left to right<\/div><div class=\"w-slider-item-description\">PIK\u00d6-Vorstand: Dr.in Sigrid Schmidl-Amann,  Dr.in Micha Bitschnau MFHom,  Dr. Stefan Riedl, Univ.-Doz.in Dr.in Katharina Schuchter, Prim. Univ. Prof. Dr. Reinhold Kerbl, Univ. Prof.in Dr.in Dagmar Bancher<\/div><\/div><\/div><div class=\"rsContent\"><a class=\"rsImg\" data-rsw=\"2135\" data-rsh=\"1007\" href=\"https:\/\/www.pikoe.at\/wp-content\/uploads\/2021\/02\/FT2017.jpg\"><span data-alt=\"Kinder- und Jugendgyn\u00e4kologie in Wien\"><\/span><\/a><div class=\"rsABlock\" data-fadeEffect=\"false\" data-moveEffect=\"none\"><div class=\"w-slider-item-title\">Kinder- und Jugendgyn\u00e4kologie in Wien\nAbkl\u00e4rung sexueller Gewalt<\/div><div class=\"w-slider-item-description\">Kinder- und Jugendgyn\u00e4kologie in Wien\nAbkl\u00e4rung sexueller Gewalt<\/div><\/div><\/div><\/div><img decoding=\"async\" src=\"https:\/\/www.pikoe.at\/wp-content\/uploads\/2019\/10\/FotoPIKO\u0308.jpeg\" width=\"1158\" height=\"765\" alt=\"Start Lehrgang f\u00fcr Kinder- und Jugendgyn\u00e4kologie in Wien \/ \u00d6sterreich\" loading=\"lazy\"><\/div><div class=\"w-slider-json\" onclick='return {&quot;autoScaleSlider&quot;:true,&quot;addActiveClass&quot;:true,&quot;loop&quot;:true,&quot;fadeInLoadedSlide&quot;:false,&quot;slidesSpacing&quot;:0,&quot;imageScalePadding&quot;:0,&quot;numImagesToPreload&quot;:2,&quot;arrowsNav&quot;:true,&quot;arrowsNavAutoHide&quot;:false,&quot;transitionType&quot;:&quot;move&quot;,&quot;transitionSpeed&quot;:1500,&quot;block&quot;:{&quot;moveEffect&quot;:&quot;none&quot;,&quot;speed&quot;:300},&quot;thumbs&quot;:{&quot;fitInViewport&quot;:false,&quot;firstMargin&quot;:false,&quot;spacing&quot;:4},&quot;controlNavigation&quot;:&quot;none&quot;,&quot;autoplay&quot;:{&quot;enabled&quot;:true,&quot;pauseOnHover&quot;:true,&quot;delay&quot;:5000},&quot;autoScaleSliderWidth&quot;:1158,&quot;autoScaleSliderHeight&quot;:765}'><\/div><\/div><div class=\"w-separator size_medium\"><\/div><div class=\"wpb_text_column\"><div class=\"wpb_wrapper\"><p><a href=\"https:\/\/www.eurapag.com\/\"><img loading=\"lazy\" decoding=\"async\" class=\"alignleft size-full wp-image-8904\" src=\"https:\/\/www.pikoe.at\/wp-content\/uploads\/2021\/02\/eurapag-logo-100.png\" alt=\"\" width=\"100\" height=\"100\" \/><\/a>\u00a0PIK\u00d6 is a member of the European Association of Paediatric and Adolescent Gynaecology (EURAPAG).<\/p>\n<\/div><\/div><\/div><\/div><\/div><div class=\"vc_col-sm-2 wpb_column vc_column_container\"><div class=\"vc_column-inner\"><div class=\"wpb_wrapper\"><\/div><\/div><\/div><\/div><div class=\"w-separator size_medium\"><\/div><div class=\"wpb_text_column\"><div class=\"wpb_wrapper\"><h3>Why is pediatric and adolescent gynecology needed?<\/h3>\n<p>Pediatric and adolescent gynecology is still a young specialism. It creates a link between pediatrics and gynecology &#8211; and is designed to provide optimal gynecologic care to girls from birth, through adolescence, up to the time they turn 18.<\/p>\n<p>Each stage of a girl&#8217;s development brings specific physical changes and issues. Depending on their age, complaints in the genital area such as itching can have completely different causes. Gynecological diseases manifest themselves and progress differently in girls than in adult women &#8211; therapies must be tailored accordingly. The gynecological examination, clarification and treatment of girls therefore requires its own well-founded training for both gynecologists and pediatricians.<\/p>\n<\/div><\/div><div class=\"w-separator size_medium\"><\/div><div class=\"wpb_text_column\"><div class=\"wpb_wrapper\"><p>&gt; <a href=\"https:\/\/www.pikoe.at\/en\/find-a-doctor\/#wann\">When should a pediatric gynecologist be consulted?<\/a><\/p>\n<\/div><\/div><\/div><\/div><\/div><\/div><\/div><\/section>\n","protected":false},"excerpt":{"rendered":"About us The Platform for Interdisciplinary Pediatric and Adolescent Gynecology Austria was founded in 2017. It is committed to creating awareness for the special requirements in this medical field; establishing a well-founded education and training program in the field of pediatric and adolescent gynecology in Austria; achieving an Austria-wide medical care in this specialism field....","protected":false},"author":1,"featured_media":0,"parent":0,"menu_order":2,"comment_status":"closed","ping_status":"closed","template":"","meta":{"footnotes":""},"class_list":["post-8937","page","type-page","status-publish","hentry"],"yoast_head":"<!-- This site is optimized with the Yoast SEO plugin v27.5 - https:\/\/yoast.com\/product\/yoast-seo-wordpress\/ -->\n<title>PIK\u00d6 - About the Plattform f\u00fcr interdisziplin\u00e4re Kinder- und Jugendgyn\u00e4kologie \u00d6sterreich<\/title>\n<meta name=\"description\" content=\"When should you see a Kinder- und Jugendgyn\u00e4kologe aufgesucht werden? Was ist wichtig bei Verdacht auf sexuellen Missbrauch? Was passiert in der First Love Ambulanz\" \/>\n<meta name=\"robots\" content=\"index, follow, max-snippet:-1, max-image-preview:large, max-video-preview:-1\" \/>\n<link rel=\"canonical\" href=\"https:\/\/www.pikoe.at\/en\/about-us\/\" \/>\n<meta property=\"og:locale\" content=\"en_US\" \/>\n<meta property=\"og:type\" content=\"article\" \/>\n<meta property=\"og:title\" content=\"PIK\u00d6 - About the Plattform f\u00fcr interdisziplin\u00e4re Kinder- und Jugendgyn\u00e4kologie \u00d6sterreich\" \/>\n<meta property=\"og:description\" content=\"When should you see a Kinder- und Jugendgyn\u00e4kologe aufgesucht werden? Was ist wichtig bei Verdacht auf sexuellen Missbrauch? Was passiert in der First Love Ambulanz\" \/>\n<meta property=\"og:url\" content=\"https:\/\/www.pikoe.at\/en\/about-us\/\" \/>\n<meta property=\"og:site_name\" content=\"PIK\u00d6\" \/>\n<meta property=\"article:modified_time\" content=\"2021-03-09T10:47:20+00:00\" \/>\n<meta property=\"og:image\" content=\"https:\/\/www.pikoe.at\/wp-content\/uploads\/2021\/02\/eurapag-logo-100.png\" \/>\n<meta name=\"twitter:card\" content=\"summary_large_image\" \/>\n<meta name=\"twitter:label1\" content=\"Est. reading time\" \/>\n\t<meta name=\"twitter:data1\" content=\"8 minutes\" \/>\n<script type=\"application\/ld+json\" class=\"yoast-schema-graph\">{\"@context\":\"https:\\\/\\\/schema.org\",\"@graph\":[{\"@type\":\"WebPage\",\"@id\":\"https:\\\/\\\/www.pikoe.at\\\/en\\\/about-us\\\/\",\"url\":\"https:\\\/\\\/www.pikoe.at\\\/en\\\/about-us\\\/\",\"name\":\"PIK\u00d6 - About the Plattform f\u00fcr interdisziplin\u00e4re Kinder- und Jugendgyn\u00e4kologie \u00d6sterreich\",\"isPartOf\":{\"@id\":\"https:\\\/\\\/www.pikoe.at\\\/en\\\/#website\"},\"primaryImageOfPage\":{\"@id\":\"https:\\\/\\\/www.pikoe.at\\\/en\\\/about-us\\\/#primaryimage\"},\"image\":{\"@id\":\"https:\\\/\\\/www.pikoe.at\\\/en\\\/about-us\\\/#primaryimage\"},\"thumbnailUrl\":\"https:\\\/\\\/www.pikoe.at\\\/wp-content\\\/uploads\\\/2021\\\/02\\\/eurapag-logo-100.png\",\"datePublished\":\"2021-03-01T21:36:23+00:00\",\"dateModified\":\"2021-03-09T10:47:20+00:00\",\"description\":\"When should you see a Kinder- und Jugendgyn\u00e4kologe aufgesucht werden? Was ist wichtig bei Verdacht auf sexuellen Missbrauch? Was passiert in der First Love Ambulanz\",\"breadcrumb\":{\"@id\":\"https:\\\/\\\/www.pikoe.at\\\/en\\\/about-us\\\/#breadcrumb\"},\"inLanguage\":\"en-US\",\"potentialAction\":[{\"@type\":\"ReadAction\",\"target\":[\"https:\\\/\\\/www.pikoe.at\\\/en\\\/about-us\\\/\"]}]},{\"@type\":\"ImageObject\",\"inLanguage\":\"en-US\",\"@id\":\"https:\\\/\\\/www.pikoe.at\\\/en\\\/about-us\\\/#primaryimage\",\"url\":\"https:\\\/\\\/www.pikoe.at\\\/wp-content\\\/uploads\\\/2021\\\/02\\\/eurapag-logo-100.png\",\"contentUrl\":\"https:\\\/\\\/www.pikoe.at\\\/wp-content\\\/uploads\\\/2021\\\/02\\\/eurapag-logo-100.png\"},{\"@type\":\"BreadcrumbList\",\"@id\":\"https:\\\/\\\/www.pikoe.at\\\/en\\\/about-us\\\/#breadcrumb\",\"itemListElement\":[{\"@type\":\"ListItem\",\"position\":1,\"name\":\"Startseite\",\"item\":\"https:\\\/\\\/www.pikoe.at\\\/en\\\/\"},{\"@type\":\"ListItem\",\"position\":2,\"name\":\"About us\"}]},{\"@type\":\"WebSite\",\"@id\":\"https:\\\/\\\/www.pikoe.at\\\/en\\\/#website\",\"url\":\"https:\\\/\\\/www.pikoe.at\\\/en\\\/\",\"name\":\"PIK\u00d6\",\"description\":\"Plattform f\u00fcr interdisziplin\u00e4re Kinder- und Jugendgyn\u00e4kologie \u00d6sterreich\",\"publisher\":{\"@id\":\"https:\\\/\\\/www.pikoe.at\\\/en\\\/#organization\"},\"potentialAction\":[{\"@type\":\"SearchAction\",\"target\":{\"@type\":\"EntryPoint\",\"urlTemplate\":\"https:\\\/\\\/www.pikoe.at\\\/en\\\/?s={search_term_string}\"},\"query-input\":{\"@type\":\"PropertyValueSpecification\",\"valueRequired\":true,\"valueName\":\"search_term_string\"}}],\"inLanguage\":\"en-US\"},{\"@type\":\"Organization\",\"@id\":\"https:\\\/\\\/www.pikoe.at\\\/en\\\/#organization\",\"name\":\"PIK\u00d6 - Plattform f\u00fcr inter\u00ad\u00ad\u00addiszi\u00ad\u00ad\u00adplin\u00e4re Kinder- und Jugend\u00ad\u00ad\u00adgyn\u00e4kologie \u00d6sterreich\",\"url\":\"https:\\\/\\\/www.pikoe.at\\\/en\\\/\",\"logo\":{\"@type\":\"ImageObject\",\"inLanguage\":\"en-US\",\"@id\":\"https:\\\/\\\/www.pikoe.at\\\/en\\\/#\\\/schema\\\/logo\\\/image\\\/\",\"url\":\"https:\\\/\\\/www.pikoe.at\\\/wp-content\\\/uploads\\\/2017\\\/01\\\/logo_final.png\",\"contentUrl\":\"https:\\\/\\\/www.pikoe.at\\\/wp-content\\\/uploads\\\/2017\\\/01\\\/logo_final.png\",\"width\":200,\"height\":147,\"caption\":\"PIK\u00d6 - Plattform f\u00fcr inter\u00ad\u00ad\u00addiszi\u00ad\u00ad\u00adplin\u00e4re Kinder- und Jugend\u00ad\u00ad\u00adgyn\u00e4kologie \u00d6sterreich\"},\"image\":{\"@id\":\"https:\\\/\\\/www.pikoe.at\\\/en\\\/#\\\/schema\\\/logo\\\/image\\\/\"}}]}<\/script>\n<!-- \/ Yoast SEO plugin. -->","yoast_head_json":{"title":"PIK\u00d6 - About the Plattform f\u00fcr interdisziplin\u00e4re Kinder- und Jugendgyn\u00e4kologie \u00d6sterreich","description":"When should you see a Kinder- und Jugendgyn\u00e4kologe aufgesucht werden? Was ist wichtig bei Verdacht auf sexuellen Missbrauch? Was passiert in der First Love Ambulanz","robots":{"index":"index","follow":"follow","max-snippet":"max-snippet:-1","max-image-preview":"max-image-preview:large","max-video-preview":"max-video-preview:-1"},"canonical":"https:\/\/www.pikoe.at\/en\/about-us\/","og_locale":"en_US","og_type":"article","og_title":"PIK\u00d6 - About the Plattform f\u00fcr interdisziplin\u00e4re Kinder- und Jugendgyn\u00e4kologie \u00d6sterreich","og_description":"When should you see a Kinder- und Jugendgyn\u00e4kologe aufgesucht werden? Was ist wichtig bei Verdacht auf sexuellen Missbrauch? Was passiert in der First Love Ambulanz","og_url":"https:\/\/www.pikoe.at\/en\/about-us\/","og_site_name":"PIK\u00d6","article_modified_time":"2021-03-09T10:47:20+00:00","og_image":[{"url":"https:\/\/www.pikoe.at\/wp-content\/uploads\/2021\/02\/eurapag-logo-100.png","type":"","width":"","height":""}],"twitter_card":"summary_large_image","twitter_misc":{"Est. reading time":"8 minutes"},"schema":{"@context":"https:\/\/schema.org","@graph":[{"@type":"WebPage","@id":"https:\/\/www.pikoe.at\/en\/about-us\/","url":"https:\/\/www.pikoe.at\/en\/about-us\/","name":"PIK\u00d6 - About the Plattform f\u00fcr interdisziplin\u00e4re Kinder- und Jugendgyn\u00e4kologie \u00d6sterreich","isPartOf":{"@id":"https:\/\/www.pikoe.at\/en\/#website"},"primaryImageOfPage":{"@id":"https:\/\/www.pikoe.at\/en\/about-us\/#primaryimage"},"image":{"@id":"https:\/\/www.pikoe.at\/en\/about-us\/#primaryimage"},"thumbnailUrl":"https:\/\/www.pikoe.at\/wp-content\/uploads\/2021\/02\/eurapag-logo-100.png","datePublished":"2021-03-01T21:36:23+00:00","dateModified":"2021-03-09T10:47:20+00:00","description":"When should you see a Kinder- und Jugendgyn\u00e4kologe aufgesucht werden? Was ist wichtig bei Verdacht auf sexuellen Missbrauch? Was passiert in der First Love Ambulanz","breadcrumb":{"@id":"https:\/\/www.pikoe.at\/en\/about-us\/#breadcrumb"},"inLanguage":"en-US","potentialAction":[{"@type":"ReadAction","target":["https:\/\/www.pikoe.at\/en\/about-us\/"]}]},{"@type":"ImageObject","inLanguage":"en-US","@id":"https:\/\/www.pikoe.at\/en\/about-us\/#primaryimage","url":"https:\/\/www.pikoe.at\/wp-content\/uploads\/2021\/02\/eurapag-logo-100.png","contentUrl":"https:\/\/www.pikoe.at\/wp-content\/uploads\/2021\/02\/eurapag-logo-100.png"},{"@type":"BreadcrumbList","@id":"https:\/\/www.pikoe.at\/en\/about-us\/#breadcrumb","itemListElement":[{"@type":"ListItem","position":1,"name":"Startseite","item":"https:\/\/www.pikoe.at\/en\/"},{"@type":"ListItem","position":2,"name":"About us"}]},{"@type":"WebSite","@id":"https:\/\/www.pikoe.at\/en\/#website","url":"https:\/\/www.pikoe.at\/en\/","name":"PIK\u00d6","description":"Plattform f\u00fcr interdisziplin\u00e4re Kinder- und Jugendgyn\u00e4kologie \u00d6sterreich","publisher":{"@id":"https:\/\/www.pikoe.at\/en\/#organization"},"potentialAction":[{"@type":"SearchAction","target":{"@type":"EntryPoint","urlTemplate":"https:\/\/www.pikoe.at\/en\/?s={search_term_string}"},"query-input":{"@type":"PropertyValueSpecification","valueRequired":true,"valueName":"search_term_string"}}],"inLanguage":"en-US"},{"@type":"Organization","@id":"https:\/\/www.pikoe.at\/en\/#organization","name":"PIK\u00d6 - Plattform f\u00fcr inter\u00ad\u00ad\u00addiszi\u00ad\u00ad\u00adplin\u00e4re Kinder- und Jugend\u00ad\u00ad\u00adgyn\u00e4kologie \u00d6sterreich","url":"https:\/\/www.pikoe.at\/en\/","logo":{"@type":"ImageObject","inLanguage":"en-US","@id":"https:\/\/www.pikoe.at\/en\/#\/schema\/logo\/image\/","url":"https:\/\/www.pikoe.at\/wp-content\/uploads\/2017\/01\/logo_final.png","contentUrl":"https:\/\/www.pikoe.at\/wp-content\/uploads\/2017\/01\/logo_final.png","width":200,"height":147,"caption":"PIK\u00d6 - Plattform f\u00fcr inter\u00ad\u00ad\u00addiszi\u00ad\u00ad\u00adplin\u00e4re Kinder- und Jugend\u00ad\u00ad\u00adgyn\u00e4kologie \u00d6sterreich"},"image":{"@id":"https:\/\/www.pikoe.at\/en\/#\/schema\/logo\/image\/"}}]}},"_links":{"self":[{"href":"https:\/\/www.pikoe.at\/en\/wp-json\/wp\/v2\/pages\/8937","targetHints":{"allow":["GET"]}}],"collection":[{"href":"https:\/\/www.pikoe.at\/en\/wp-json\/wp\/v2\/pages"}],"about":[{"href":"https:\/\/www.pikoe.at\/en\/wp-json\/wp\/v2\/types\/page"}],"author":[{"embeddable":true,"href":"https:\/\/www.pikoe.at\/en\/wp-json\/wp\/v2\/users\/1"}],"replies":[{"embeddable":true,"href":"https:\/\/www.pikoe.at\/en\/wp-json\/wp\/v2\/comments?post=8937"}],"version-history":[{"count":17,"href":"https:\/\/www.pikoe.at\/en\/wp-json\/wp\/v2\/pages\/8937\/revisions"}],"predecessor-version":[{"id":9045,"href":"https:\/\/www.pikoe.at\/en\/wp-json\/wp\/v2\/pages\/8937\/revisions\/9045"}],"wp:attachment":[{"href":"https:\/\/www.pikoe.at\/en\/wp-json\/wp\/v2\/media?parent=8937"}],"curies":[{"name":"wp","href":"https:\/\/api.w.org\/{rel}","templated":true}]}}